{"id":1342,"date":"2024-05-28T11:41:14","date_gmt":"2024-05-28T14:41:14","guid":{"rendered":"https:\/\/localcriativo.com\/?page_id=1342"},"modified":"2024-08-21T15:26:36","modified_gmt":"2024-08-21T18:26:36","slug":"lp-aplicativos-de-relacionamento","status":"publish","type":"page","link":"https:\/\/localcriativo.com\/es\/lp-aplicaciones-de-citas\/","title":{"rendered":"Aplicaciones de relaciones: \u00a1descubre las mejores!"},"content":{"rendered":"<div class=\"wp-block-columns p0-button has-background is-layout-flex wp-container-core-columns-is-layout-135c6b51 wp-block-columns-is-layout-flex\" style=\"border-style:dashed;border-width:1px;background-color:#fafbfc;margin-top:0;margin-bottom:0;padding-top:var(--wp--preset--spacing--50);padding-right:var(--wp--preset--spacing--50);padding-bottom:var(--wp--preset--spacing--50);padding-left:var(--wp--preset--spacing--50)\">\n<div class=\"wp-block-column is-layout-flow wp-container-core-column-is-layout-bfc02d00 wp-block-column-is-layout-flow\" style=\"padding-top:0px;padding-bottom:15px;flex-basis:100%\">\n<h2 class=\"wp-block-heading\" style=\"font-size:clamp(14px, 0.875rem + ((1vw - 3.2px) * 0.391), 19px);\">\u00bfQuieres conocer gente nueva?<\/h2>\n\n\n\n<p style=\"font-size:clamp(14px, 0.875rem + ((1vw - 3.2px) * 0.078), 15px);\">\u00a1Usa estas aplicaciones y conoce gente nueva en tu ciudad sin salir de casa!<\/p>\n\n\n\n<div class=\"wp-block-buttons is-content-justification-center is-layout-flex wp-container-core-buttons-is-layout-a89b3969 wp-block-buttons-is-layout-flex\">\n<div class=\"wp-block-button has-custom-width wp-block-button__width-100 has-custom-font-size blob has-medium-font-size\"><a class=\"wp-block-button__link has-background has-text-align-center wp-element-button\" href=\"https:\/\/localcriativo.com\/es\/las-5-mejores-aplicaciones-de-citas\/\" style=\"border-radius:50px;background-color:#019548;padding-top:var(--wp--preset--spacing--30);padding-right:var(--wp--preset--spacing--50);padding-bottom:var(--wp--preset--spacing--30);padding-left:var(--wp--preset--spacing--50)\"><strong>\u2b95 QUIERO SABER C\u00d3MO<\/strong><\/a><\/div>\n<\/div>\n\n\n\n<p class=\"has-text-align-center\" style=\"margin-top:var(--wp--preset--spacing--20);font-size:12px\">Permanecer\u00e1s en el mismo sitio web.<\/p>\n<\/div>\n<\/div>\n\n\n\n<div style=\"height:10px\" aria-hidden=\"true\" class=\"wp-block-spacer\"><\/div>\n\n\n\n<p>\u00bfQuieres conocer gente nueva? Con la aplicaci\u00f3n adecuada, puedes encontrar a alguien que te guste y a quien le gustes. Hay una aplicaci\u00f3n para todos los gustos: para aquellos que quieren tener citas o simplemente hacer amigos. Cada uno tiene una forma de demostrar qui\u00e9n puede ser su pareja.&nbsp;<a href=\"https:\/\/localcriativo.com\/es\/las-5-mejores-aplicaciones-de-citas\/\" target=\"_blank\" rel=\"noreferrer noopener\">Haga clic aqu\u00ed para leer m\u00e1s<\/a>&nbsp;sobre las aplicaciones m\u00e1s utilizadas y c\u00f3mo pueden ayudarte.<\/p>\n\n\n\n<p>Hay una aplicaci\u00f3n que utiliza tus respuestas para encontrar a alguien similar a ti. Hay otros que son f\u00e1ciles de usar y se muestran a mucha gente. E incluso hay una aplicaci\u00f3n que solo te muestra qui\u00e9n pas\u00f3 a tu lado por la calle. Separamos a los mejores. \u00a1Mira nuestros consejos y comienza a buscar a alguien especial hoy!<\/p>\n\n\n\n<p>Utiliza aplicaciones para conocer gente nueva sin salir de casa. Ya sea que quieras algo m\u00e1s conocido como Tinder o una aplicaci\u00f3n que empodere a las mujeres como Bumble, todo est\u00e1 aqu\u00ed. \u00a1Prueba estas aplicaciones y encuentra a alguien que se adapte a ti!<\/p>\n\n\n\n<div style=\"height:10px\" aria-hidden=\"true\" class=\"wp-block-spacer\"><\/div>\n\n\n\n<div class=\"wp-block-buttons is-content-justification-center is-layout-flex wp-container-core-buttons-is-layout-a89b3969 wp-block-buttons-is-layout-flex\">\n<div class=\"wp-block-button has-custom-width wp-block-button__width-100 has-custom-font-size blob has-medium-font-size\"><a class=\"wp-block-button__link has-background has-text-align-center wp-element-button\" href=\"https:\/\/localcriativo.com\/es\/las-5-mejores-aplicaciones-de-citas\/\" style=\"border-radius:30px;background-color:#019548;padding-top:var(--wp--preset--spacing--30);padding-right:var(--wp--preset--spacing--50);padding-bottom:var(--wp--preset--spacing--30);padding-left:var(--wp--preset--spacing--50)\"><strong>\u2b95 VER LAS MEJORES APLICACIONES<\/strong><\/a><\/div>\n<\/div>\n\n\n\n<p class=\"has-text-align-center\" style=\"margin-top:0;font-size:12px\">Permanecer\u00e1s en el mismo sitio web.<\/p>\n\n\n\n<div style=\"height:30px\" aria-hidden=\"true\" class=\"wp-block-spacer\"><\/div>\n\n\n\n<h2 class=\"wp-block-heading\" id=\"h-beneficios\">Beneficios<\/h2>\n\n\n\n<div class=\"wp-block-columns is-layout-flex wp-container-core-columns-is-layout-28f84493 wp-block-columns-is-layout-flex\">\n<div class=\"wp-block-column is-layout-flow wp-block-column-is-layout-flow\">\n<div class=\"wp-block-media-text has-palette-color-7-background-color has-background\" style=\"padding-top:var(--wp--preset--spacing--30);padding-right:var(--wp--preset--spacing--40);padding-bottom:var(--wp--preset--spacing--30);padding-left:var(--wp--preset--spacing--40);grid-template-columns:15% auto\"><figure class=\"wp-block-media-text__media\"><img decoding=\"async\" src=\"https:\/\/eucurioso.com.br\/wp-content\/uploads\/2023\/11\/icon1.svg\" alt=\"\" class=\"wp-image-2234 size-full\"\/><\/figure><div class=\"wp-block-media-text__content\">\n<p class=\"has-medium-font-size\"><strong>Mucha gente diferente<\/strong><\/p>\n\n\n\n<p style=\"font-size:clamp(14px, 0.875rem + ((1vw - 3.2px) * 0.234), 17px);\">Ver perfiles de varias personas que buscan amistad o amor.<\/p>\n<\/div><\/div>\n<\/div>\n\n\n\n<div class=\"wp-block-column is-layout-flow wp-block-column-is-layout-flow\">\n<div class=\"wp-block-media-text has-palette-color-7-background-color has-background\" style=\"padding-top:var(--wp--preset--spacing--30);padding-right:var(--wp--preset--spacing--40);padding-bottom:var(--wp--preset--spacing--30);padding-left:var(--wp--preset--spacing--40);grid-template-columns:15% auto\"><figure class=\"wp-block-media-text__media\"><img decoding=\"async\" src=\"https:\/\/eucurioso.com.br\/wp-content\/uploads\/2023\/11\/icon1.svg\" alt=\"\" class=\"wp-image-2234 size-full\"\/><\/figure><div class=\"wp-block-media-text__content\">\n<p class=\"has-medium-font-size\"><strong>Encuentra a alguien como tu<\/strong><\/p>\n\n\n\n<p style=\"font-size:clamp(14px, 0.875rem + ((1vw - 3.2px) * 0.234), 17px);\">Las aplicaciones te ayudan a encontrar a alguien que coincida con lo que te gusta.<\/p>\n<\/div><\/div>\n<\/div>\n\n\n\n<div class=\"wp-block-column is-layout-flow wp-block-column-is-layout-flow\">\n<div class=\"wp-block-media-text has-palette-color-7-background-color has-background\" style=\"padding-top:var(--wp--preset--spacing--30);padding-right:var(--wp--preset--spacing--40);padding-bottom:var(--wp--preset--spacing--30);padding-left:var(--wp--preset--spacing--40);grid-template-columns:15% auto\"><figure class=\"wp-block-media-text__media\"><img decoding=\"async\" src=\"https:\/\/eucurioso.com.br\/wp-content\/uploads\/2023\/11\/icon1.svg\" alt=\"\" class=\"wp-image-2234 size-full\"\/><\/figure><div class=\"wp-block-media-text__content\">\n<p class=\"has-medium-font-size\"><strong>F\u00e1cil y seguro<\/strong><\/p>\n\n\n\n<p style=\"font-size:clamp(14px, 0.875rem + ((1vw - 3.2px) * 0.234), 17px);\">Chatea y conoce gente nueva de forma segura.<\/p>\n<\/div><\/div>\n<\/div>\n<\/div>\n\n\n\n<div style=\"height:30px\" aria-hidden=\"true\" class=\"wp-block-spacer\"><\/div>\n\n\n\n<h2 class=\"wp-block-heading\">Deposiciones<\/h2>\n\n\n\n<blockquote class=\"wp-block-quote is-layout-flow wp-block-quote-is-layout-flow\" style=\"font-size:clamp(14px, 0.875rem + ((1vw - 3.2px) * 0.078), 15px);\">\n<p style=\"font-size:clamp(14px, 0.875rem + ((1vw - 3.2px) * 0.234), 17px);\">En Tinder conoc\u00ed a mucha gente interesante e hice amigos.<\/p>\n<cite><em><strong>Juan P.<\/strong><\/em><\/cite><\/blockquote>\n\n\n\n<blockquote class=\"wp-block-quote is-layout-flow wp-block-quote-is-layout-flow\" style=\"font-size:clamp(14px, 0.875rem + ((1vw - 3.2px) * 0.078), 15px);\">\n<p style=\"font-size:clamp(14px, 0.875rem + ((1vw - 3.2px) * 0.234), 17px);\">En Bumble, me siento m\u00e1s seguro hablando primero.<\/p>\n<cite><em><strong>ana c.<\/strong><\/em><\/cite><\/blockquote>\n\n\n\n<blockquote class=\"wp-block-quote is-layout-flow wp-block-quote-is-layout-flow\" style=\"font-size:clamp(14px, 0.875rem + ((1vw - 3.2px) * 0.078), 15px);\">\n<p style=\"font-size:clamp(14px, 0.875rem + ((1vw - 3.2px) * 0.234), 17px);\">En Badoo siempre encuentro alguien nuevo con quien hablar.<\/p>\n<cite><em><strong>lucas m.<\/strong><\/em><\/cite><\/blockquote>\n\n\n\n<blockquote class=\"wp-block-quote is-layout-flow wp-block-quote-is-layout-flow\" style=\"font-size:clamp(14px, 0.875rem + ((1vw - 3.2px) * 0.078), 15px);\">\n<p style=\"font-size:clamp(14px, 0.875rem + ((1vw - 3.2px) * 0.234), 17px);\">Happn me ayud\u00f3 a encontrar a una persona que vi en la calle.<\/p>\n<cite><em><strong>Raquel T.<\/strong><\/em><\/cite><\/blockquote>\n\n\n\n<blockquote class=\"wp-block-quote is-layout-flow wp-block-quote-is-layout-flow\" style=\"font-size:clamp(14px, 0.875rem + ((1vw - 3.2px) * 0.078), 15px);\">\n<p style=\"font-size:clamp(14px, 0.875rem + ((1vw - 3.2px) * 0.234), 17px);\">En OkCupid encontr\u00e9 a alguien que piensa como yo.<\/p>\n<cite><em><strong>Fernanda S.<\/strong><\/em><\/cite><\/blockquote>\n\n\n\n<div style=\"height:20px\" aria-hidden=\"true\" class=\"wp-block-spacer\"><\/div>\n\n\n\n<div class=\"wp-block-buttons is-content-justification-center is-layout-flex wp-container-core-buttons-is-layout-a89b3969 wp-block-buttons-is-layout-flex\">\n<div class=\"wp-block-button has-custom-width wp-block-button__width-100 has-custom-font-size blob has-medium-font-size\"><a class=\"wp-block-button__link has-background has-text-align-center wp-element-button\" href=\"https:\/\/localcriativo.com\/es\/las-5-mejores-aplicaciones-de-citas\/\" style=\"border-radius:30px;background-color:#019548;padding-top:var(--wp--preset--spacing--30);padding-right:var(--wp--preset--spacing--50);padding-bottom:var(--wp--preset--spacing--30);padding-left:var(--wp--preset--spacing--50)\"><strong>\u2b95 QUIERO SABER COMO DESCARGAR<\/strong><\/a><\/div>\n<\/div>\n\n\n\n<p class=\"has-text-align-center\" style=\"margin-top:0;font-size:12px\">Permanecer\u00e1s en el mismo sitio web.<\/p>\n\n\n\n<div style=\"height:30px\" aria-hidden=\"true\" class=\"wp-block-spacer\"><\/div>\n\n\n\n<h2 class=\"wp-block-heading\" id=\"h-perguntas-frequentes\">Preguntas frecuentes<\/h2>\n\n\n\n<div class=\"wp-block-columns is-layout-flex wp-container-core-columns-is-layout-28f84493 wp-block-columns-is-layout-flex\">\n<div class=\"wp-block-column is-layout-flow wp-block-column-is-layout-flow\">\n<p><strong>\u00bfC\u00f3mo s\u00e9 que una aplicaci\u00f3n de citas es buena?<\/strong><\/p>\n\n\n\n<hr class=\"wp-block-separator has-text-color has-palette-color-5-color has-alpha-channel-opacity has-palette-color-5-background-color has-background is-style-wide\"\/>\n\n\n\n<p>Una aplicaci\u00f3n es buena cuando es f\u00e1cil de usar, tiene mucha gente y cuida tu seguridad.<\/p>\n<\/div>\n<\/div>\n\n\n\n<div class=\"wp-block-columns is-layout-flex wp-container-core-columns-is-layout-28f84493 wp-block-columns-is-layout-flex\">\n<div class=\"wp-block-column is-layout-flow wp-block-column-is-layout-flow\">\n<p><strong>\u00bfPuedo usar m\u00e1s de una aplicaci\u00f3n al mismo tiempo?<\/strong><\/p>\n\n\n\n<hr class=\"wp-block-separator has-text-color has-palette-color-5-color has-alpha-channel-opacity has-palette-color-5-background-color has-background is-style-wide\"\/>\n\n\n\n<p>S\u00ed, puedes usar tantos como quieras para tener m\u00e1s posibilidades de encontrar a alguien.<\/p>\n<\/div>\n<\/div>\n\n\n\n<div class=\"wp-block-columns is-layout-flex wp-container-core-columns-is-layout-28f84493 wp-block-columns-is-layout-flex\">\n<div class=\"wp-block-column is-layout-flow wp-block-column-is-layout-flow\">\n<p><strong>\u00bfEs seguro usar aplicaciones de citas?<\/strong><\/p>\n\n\n\n<hr class=\"wp-block-separator has-text-color has-palette-color-5-color has-alpha-channel-opacity has-palette-color-5-background-color has-background is-style-wide\"\/>\n\n\n\n<p>Es seguro, pero debes tener cuidado con tu informaci\u00f3n y s\u00f3lo conocer gente en lugares p\u00fablicos.<\/p>\n<\/div>\n<\/div>\n\n\n\n<div class=\"wp-block-columns is-layout-flex wp-container-core-columns-is-layout-28f84493 wp-block-columns-is-layout-flex\">\n<div class=\"wp-block-column is-layout-flow wp-block-column-is-layout-flow\">\n<p><strong>\u00bfPuedo buscar solo novio o novia en estas aplicaciones?<\/strong><\/p>\n\n\n\n<hr class=\"wp-block-separator has-text-color has-palette-color-5-color has-alpha-channel-opacity has-palette-color-5-background-color has-background is-style-wide\"\/>\n\n\n\n<p>No, tambi\u00e9n puedes usar estas aplicaciones para buscar amigos.<\/p>\n<\/div>\n<\/div>\n\n\n\n<div class=\"wp-block-columns is-layout-flex wp-container-core-columns-is-layout-28f84493 wp-block-columns-is-layout-flex\">\n<div class=\"wp-block-column is-layout-flow wp-block-column-is-layout-flow\">\n<p><strong>\u00bfTengo que pagar para usar estas aplicaciones?<\/strong><\/p>\n\n\n\n<hr class=\"wp-block-separator has-text-color has-palette-color-5-color has-alpha-channel-opacity has-palette-color-5-background-color has-background is-style-wide\"\/>\n\n\n\n<p>Muchas aplicaciones son gratuitas, pero puedes pagar por funciones adicionales.<\/p>\n<\/div>\n<\/div>\n\n\n\n<div class=\"wp-block-columns is-layout-flex wp-container-core-columns-is-layout-28f84493 wp-block-columns-is-layout-flex\">\n<div class=\"wp-block-column is-layout-flow wp-block-column-is-layout-flow\">\n<p><strong>\u00bfC\u00f3mo elijo la aplicaci\u00f3n adecuada para m\u00ed?<\/strong><\/p>\n\n\n\n<hr class=\"wp-block-separator has-text-color has-palette-color-5-color has-alpha-channel-opacity has-palette-color-5-background-color has-background is-style-wide\"\/>\n\n\n\n<p>Piensa en lo que est\u00e1s buscando y prueba las aplicaciones para ver cu\u00e1l te gusta m\u00e1s.<\/p>\n<\/div>\n<\/div>\n\n\n\n<div class=\"wp-block-columns is-layout-flex wp-container-core-columns-is-layout-28f84493 wp-block-columns-is-layout-flex\">\n<div class=\"wp-block-column is-layout-flow wp-block-column-is-layout-flow\">\n<p><strong>\u00bfEs f\u00e1cil dejar de pagar por una aplicaci\u00f3n?<\/strong><\/p>\n\n\n\n<hr class=\"wp-block-separator has-text-color has-palette-color-5-color has-alpha-channel-opacity has-palette-color-5-background-color has-background is-style-wide\"\/>\n\n\n\n<p>Suele ser f\u00e1cil. Simplemente ve a la configuraci\u00f3n de la aplicaci\u00f3n o a la tienda donde la descargaste.<\/p>\n<\/div>\n<\/div>\n\n\n\n<div style=\"height:30px\" aria-hidden=\"true\" class=\"wp-block-spacer\"><\/div>\n\n\n\n<div class=\"wp-block-columns alignfull has-white-background-color has-background is-layout-flex wp-container-core-columns-is-layout-28f84493 wp-block-columns-is-layout-flex\">\n<div class=\"wp-block-column is-layout-flow wp-block-column-is-layout-flow\" style=\"padding-top:var(--wp--preset--spacing--40);padding-right:var(--wp--preset--spacing--40);padding-bottom:var(--wp--preset--spacing--40);padding-left:var(--wp--preset--spacing--40)\">\n<h3 class=\"wp-block-heading\" style=\"font-style:normal;font-weight:900\"><strong>Tambi\u00e9n te puede interesar<\/strong>&#8230;<\/h3>\n\n\n\n<div style=\"height:30px\" aria-hidden=\"true\" class=\"wp-block-spacer\"><\/div>\n\n\n<div class=\"ct-posts-shortcode\" data-prefix=\"blog\"><div class=\"entries\" data-archive=\"default\" data-layout=\"grid\" data-cards=\"simple\"  ><article class=\"entry-card card-content post-417 post type-post status-publish format-standard has-post-thumbnail hentry category-aplicativos\" ><a class=\"ct-media-container\" href=\"https:\/\/localcriativo.com\/es\/programa-de-prueba-libre-shein\/\" aria-label=\"Programa de prueba gratuito SHEIN \u2013 \u00a1Descubre m\u00e1s y participa!\" tabindex=\"-1\"><img decoding=\"async\" width=\"768\" height=\"439\" src=\"https:\/\/localcriativo.com\/wp-content\/uploads\/2023\/12\/Prova-gratuita-Shein-768x439.jpg\" class=\"attachment-medium_large size-medium_large wp-post-image\" alt=\"\" srcset=\"https:\/\/localcriativo.com\/wp-content\/uploads\/2023\/12\/Prova-gratuita-Shein-768x439.jpg 768w, https:\/\/localcriativo.com\/wp-content\/uploads\/2023\/12\/Prova-gratuita-Shein-18x10.jpg 18w, https:\/\/localcriativo.com\/wp-content\/uploads\/2023\/12\/Prova-gratuita-Shein-300x171.jpg 300w, https:\/\/localcriativo.com\/wp-content\/uploads\/2023\/12\/Prova-gratuita-Shein-1024x585.jpg 1024w, https:\/\/localcriativo.com\/wp-content\/uploads\/2023\/12\/Prova-gratuita-Shein-1536x878.jpg 1536w, https:\/\/localcriativo.com\/wp-content\/uploads\/2023\/12\/Prova-gratuita-Shein.jpg 1792w\" sizes=\"(max-width: 768px) 100vw, 768px\" style=\"aspect-ratio: 2\/1;\" \/><\/a><ul class=\"entry-meta\" data-type=\"simple:line\" data-id=\"kXJEVS\" ><li class=\"meta-author\"><a class=\"ct-meta-element-author\" href=\"https:\/\/localcriativo.com\/es\/author\/adam\/\" title=\"Entradas de Let\u00edcia Pinheiro\" rel=\"author\"><span>Leticia Pinheiro<\/span><\/a><\/li><li class=\"meta-date\" ><time class=\"ct-meta-element-date\" datetime=\"2024-04-20T08:00:22-03:00\">20 de abril de 2024<\/time><\/li><\/ul><h2 class=\"entry-title\"><a href=\"https:\/\/localcriativo.com\/es\/programa-de-prueba-libre-shein\/\" rel=\"bookmark\">Programa de prueba gratuito SHEIN \u2013 \u00a1Descubre m\u00e1s y participa!<\/a><\/h2><div class=\"entry-excerpt\"><p>Shein es una empresa global fundada en 2008, que r\u00e1pidamente se convirti\u00f3 en una de las plataformas de comercio electr\u00f3nico m\u00e1s grandes de\u2026<\/p>\n<\/div><a class=\"entry-button\" href=\"https:\/\/localcriativo.com\/es\/programa-de-prueba-libre-shein\/\">LEA MAS<svg width=\"17px\" height=\"17px\" viewbox=\"0 0 32 32\" fill=\"currentColor\"><path d=\"M 21.1875 9.28125 L 19.78125 10.71875 L 24.0625 15 L 4 15 L 4 17 L 24.0625 17 L 19.78125 21.28125 L 21.1875 22.71875 L 27.90625 16 Z \"><\/path><\/svg><span class=\"screen-reader-text\">Programa de prueba gratuito SHEIN \u2013 \u00a1Descubre m\u00e1s y participa!<\/span><\/a><\/article><article class=\"entry-card card-content post-431 post type-post status-publish format-standard has-post-thumbnail hentry category-aplicativos\" ><a class=\"ct-media-container\" href=\"https:\/\/localcriativo.com\/es\/aplicaciones-para-recuperar-fotos-borradas-2\/\" aria-label=\"Aplicaciones para recuperar fotos borradas \u2013 Saber m\u00e1s\" tabindex=\"-1\"><img decoding=\"async\" width=\"768\" height=\"439\" src=\"https:\/\/localcriativo.com\/wp-content\/uploads\/2023\/12\/Fotos-apagadas-2-768x439.jpg\" class=\"attachment-medium_large size-medium_large wp-post-image\" alt=\"\" srcset=\"https:\/\/localcriativo.com\/wp-content\/uploads\/2023\/12\/Fotos-apagadas-2-768x439.jpg 768w, https:\/\/localcriativo.com\/wp-content\/uploads\/2023\/12\/Fotos-apagadas-2-18x10.jpg 18w, https:\/\/localcriativo.com\/wp-content\/uploads\/2023\/12\/Fotos-apagadas-2-300x171.jpg 300w, https:\/\/localcriativo.com\/wp-content\/uploads\/2023\/12\/Fotos-apagadas-2-1024x585.jpg 1024w, https:\/\/localcriativo.com\/wp-content\/uploads\/2023\/12\/Fotos-apagadas-2-1536x878.jpg 1536w, https:\/\/localcriativo.com\/wp-content\/uploads\/2023\/12\/Fotos-apagadas-2.jpg 1792w\" sizes=\"(max-width: 768px) 100vw, 768px\" style=\"aspect-ratio: 2\/1;\" \/><\/a><ul class=\"entry-meta\" data-type=\"simple:line\" data-id=\"kXJEVS\" ><li class=\"meta-author\"><a class=\"ct-meta-element-author\" href=\"https:\/\/localcriativo.com\/es\/author\/adam\/\" title=\"Entradas de Let\u00edcia Pinheiro\" rel=\"author\"><span>Leticia Pinheiro<\/span><\/a><\/li><li class=\"meta-date\" ><time class=\"ct-meta-element-date\" datetime=\"2024-04-14T08:00:17-03:00\">14 de abril de 2024<\/time><\/li><\/ul><h2 class=\"entry-title\"><a href=\"https:\/\/localcriativo.com\/es\/aplicaciones-para-recuperar-fotos-borradas-2\/\" rel=\"bookmark\">Aplicaciones para recuperar fotos borradas \u2013 Saber m\u00e1s<\/a><\/h2><div class=\"entry-excerpt\"><p>\u00bfBorraste una foto por error y ahora quieres recuperarla? No te preocupes, el proceso de recuperaci\u00f3n es sencillo y r\u00e1pido.\u2026<\/p>\n<\/div><a class=\"entry-button\" href=\"https:\/\/localcriativo.com\/es\/aplicaciones-para-recuperar-fotos-borradas-2\/\">LEA MAS<svg width=\"17px\" height=\"17px\" viewbox=\"0 0 32 32\" fill=\"currentColor\"><path d=\"M 21.1875 9.28125 L 19.78125 10.71875 L 24.0625 15 L 4 15 L 4 17 L 24.0625 17 L 19.78125 21.28125 L 21.1875 22.71875 L 27.90625 16 Z \"><\/path><\/svg><span class=\"screen-reader-text\">Aplicaciones para recuperar fotos borradas \u2013 Saber m\u00e1s<\/span><\/a><\/article><article class=\"entry-card card-content post-425 post type-post status-publish format-standard has-post-thumbnail hentry category-aplicativos\" ><a class=\"ct-media-container\" href=\"https:\/\/localcriativo.com\/es\/aplicaciones-para-ver-dramas\/\" aria-label=\"Aplicaciones para ver Dramas \u2013 \u00a1Consulta las mejores opciones!\" tabindex=\"-1\"><img decoding=\"async\" width=\"768\" height=\"439\" src=\"https:\/\/localcriativo.com\/wp-content\/uploads\/2023\/12\/Aplicativo-doramas-1-768x439.jpg\" class=\"attachment-medium_large size-medium_large wp-post-image\" alt=\"\" srcset=\"https:\/\/localcriativo.com\/wp-content\/uploads\/2023\/12\/Aplicativo-doramas-1-768x439.jpg 768w, https:\/\/localcriativo.com\/wp-content\/uploads\/2023\/12\/Aplicativo-doramas-1-18x10.jpg 18w, https:\/\/localcriativo.com\/wp-content\/uploads\/2023\/12\/Aplicativo-doramas-1-300x171.jpg 300w, https:\/\/localcriativo.com\/wp-content\/uploads\/2023\/12\/Aplicativo-doramas-1-1024x585.jpg 1024w, https:\/\/localcriativo.com\/wp-content\/uploads\/2023\/12\/Aplicativo-doramas-1-1536x878.jpg 1536w, https:\/\/localcriativo.com\/wp-content\/uploads\/2023\/12\/Aplicativo-doramas-1.jpg 1792w\" sizes=\"(max-width: 768px) 100vw, 768px\" style=\"aspect-ratio: 2\/1;\" \/><\/a><ul class=\"entry-meta\" data-type=\"simple:line\" data-id=\"kXJEVS\" ><li class=\"meta-author\"><a class=\"ct-meta-element-author\" href=\"https:\/\/localcriativo.com\/es\/author\/adam\/\" title=\"Entradas de Let\u00edcia Pinheiro\" rel=\"author\"><span>Leticia Pinheiro<\/span><\/a><\/li><li class=\"meta-date\" ><time class=\"ct-meta-element-date\" datetime=\"2024-04-13T08:00:18-03:00\">13 de abril de 2024<\/time><\/li><\/ul><h2 class=\"entry-title\"><a href=\"https:\/\/localcriativo.com\/es\/aplicaciones-para-ver-dramas\/\" rel=\"bookmark\">Aplicaciones para ver Dramas \u2013 \u00a1Consulta las mejores opciones!<\/a><\/h2><div class=\"entry-excerpt\"><p>Los dramas televisivos asi\u00e1ticos, conocidos como dramas, han capturado fervientemente los corazones de los espectadores de todo el planeta a trav\u00e9s\u2026<\/p>\n<\/div><a class=\"entry-button\" href=\"https:\/\/localcriativo.com\/es\/aplicaciones-para-ver-dramas\/\">LEA MAS<svg width=\"17px\" height=\"17px\" viewbox=\"0 0 32 32\" fill=\"currentColor\"><path d=\"M 21.1875 9.28125 L 19.78125 10.71875 L 24.0625 15 L 4 15 L 4 17 L 24.0625 17 L 19.78125 21.28125 L 21.1875 22.71875 L 27.90625 16 Z \"><\/path><\/svg><span class=\"screen-reader-text\">Aplicaciones para ver Dramas \u2013 \u00a1Consulta las mejores opciones!<\/span><\/a><\/article><\/div><\/div>\n<\/div>\n<\/div>\n\n\n\n<style>\r\n.bloco-main {\r\n    gap: 0px !important\r\n}\r\n.entry-title {\r\n    text-align: center;\r\n}\r\n.entry-content:not(:first-child) {\r\n    margin-top: 20px;\r\n}\r\n@media (max-width: 768px) {\r\n    .separate-containers .inside-article, .separate-containers .comments-area, .separate-containers .page-header, .separate-containers .paging-navigation, .one-container .site-content, .inside-page-header {\r\n        padding: 0px 20px 20px 20px !important;\r\n    }\r\n}\r\n.separate-containers .site-main {\r\n    margin: 15px;\r\n}\r\n\r\n.wp-block-quote:not(.is-style-plain):not(.has-text-align-center):not(.has-text-align-right) {\r\n    border-inline-start: 4px solid #019548;\r\n}\r\n\r\n.wp-block-separator:not(.is-style-dots) {\r\n    height: 1px;\r\n}\r\n@media (max-width: 600px) {\r\n.wp-block-media-text.is-stacked-on-mobile {\r\n    padding: 10px !important;\r\n}\r\n}\r\n\r\n.wp-block-media-text__media img, .wp-block-media-text__media video {\r\n    border-radius: 30px !important;\r\n}\r\nhr {\r\n    margin-bottom: 10px;\r\n    margin-top: 10px;\r\n}\r\n<\/style>","protected":false},"excerpt":{"rendered":"<p>\u00bfQuieres conocer gente nueva? \u00a1Usa estas apps y conoce gente nueva en tu ciudad sin salir de casa! Seguir\u00e1s en el mismo sitio. \u00bfQuieres conocer gente nueva? Con la app adecuada, puedes encontrar a alguien que te guste y a quien le gustes t\u00fa. Hay una app para todos los gustos: para quienes buscan citas o simplemente [\u2026]<\/p>","protected":false},"author":2,"featured_media":0,"parent":0,"menu_order":0,"comment_status":"closed","ping_status":"closed","template":"","meta":{"_acf_changed":false,"footnotes":""},"class_list":["post-1342","page","type-page","status-publish","hentry"],"blocksy_meta":{"page_structure_type":"type-3","has_hero_section":"enabled","hero_alignment1":{"desktop":"center","tablet":"center","mobile":"center","__changed":[]},"pageTitleFont":{"family":"Default","variation":"Default","size":{"desktop":"25px","tablet":"25px","mobile":"19px","__changed":["mobile"]},"line-height":"CT_CSS_SKIP_RULE","letter-spacing":"CT_CSS_SKIP_RULE","text-transform":"CT_CSS_SKIP_RULE","text-decoration":"CT_CSS_SKIP_RULE"},"styles_descriptor":{"styles":{"desktop":"[data-prefix=\"single_page\"] .entry-header .page-title {--theme-font-size:25px;} [data-prefix=\"single_page\"] .entry-header .entry-meta {--theme-font-weight:600;--theme-text-transform:uppercase;--theme-font-size:12px;--theme-line-height:1.3;} [data-prefix=\"single_page\"] .hero-section[data-type=\"type-1\"] {--alignment:center;}","tablet":"","mobile":"[data-prefix=\"single_page\"] .entry-header .page-title {--theme-font-size:19px;}"},"google_fonts":[],"version":6}},"acf":[],"_links":{"self":[{"href":"https:\/\/localcriativo.com\/es\/wp-json\/wp\/v2\/pages\/1342","targetHints":{"allow":["GET"]}}],"collection":[{"href":"https:\/\/localcriativo.com\/es\/wp-json\/wp\/v2\/pages"}],"about":[{"href":"https:\/\/localcriativo.com\/es\/wp-json\/wp\/v2\/types\/page"}],"author":[{"embeddable":true,"href":"https:\/\/localcriativo.com\/es\/wp-json\/wp\/v2\/users\/2"}],"replies":[{"embeddable":true,"href":"https:\/\/localcriativo.com\/es\/wp-json\/wp\/v2\/comments?post=1342"}],"version-history":[{"count":0,"href":"https:\/\/localcriativo.com\/es\/wp-json\/wp\/v2\/pages\/1342\/revisions"}],"wp:attachment":[{"href":"https:\/\/localcriativo.com\/es\/wp-json\/wp\/v2\/media?parent=1342"}],"curies":[{"name":"wp","href":"https:\/\/api.w.org\/{rel}","templated":true}]}}