{"id":140,"date":"2023-09-21T21:20:36","date_gmt":"2023-09-21T21:20:36","guid":{"rendered":"https:\/\/localcriativo.com\/?page_id=140"},"modified":"2024-04-25T16:52:14","modified_gmt":"2024-04-25T19:52:14","slug":"sobre-nos","status":"publish","type":"page","link":"https:\/\/localcriativo.com\/es\/sobre-nosotros\/","title":{"rendered":"Sobre nosotros"},"content":{"rendered":"<p>\u00a1Bienvenido! En Local Criativo descubres c\u00f3mo hacer de tu hogar una extensi\u00f3n de tu visi\u00f3n del futuro: inteligente, conectado y adaptado a tu estilo de vida. Nuestra plataforma est\u00e1 dise\u00f1ada para que pueda encontrar f\u00e1cilmente las mejores opciones de tecnolog\u00eda para el hogar sin la complejidad que normalmente implica.<\/p>\n\n\n\n<h3 class=\"wp-block-heading\">Un lugar creado pensando en ti<\/h3>\n\n\n\n<p>Cuando Antonio Alves vio a la gente luchando por encontrar informaci\u00f3n clara sobre c\u00f3mo hacer que sus hogares fueran inteligentes, vio una oportunidad para ayudar. As\u00ed naci\u00f3 Local Criativo, un sitio web dedicado a simplificar el vasto mundo de las casas inteligentes para que puedas entender y decidir sin confusiones.<\/p>\n\n\n\n<h3 class=\"wp-block-heading\">Su inter\u00e9s en la innovaci\u00f3n es nuestro compromiso<\/h3>\n\n\n\n<p>La idea de un hogar conectado es apasionante, pero sabemos que el camino para lograrlo puede ser turbio. Es por eso que nuestro sitio ha sido dise\u00f1ado meticulosamente para ser su recurso definitivo, brindando orientaci\u00f3n clara, rese\u00f1as confiables y una selecci\u00f3n de los mejores productos tecnol\u00f3gicos para su hogar.<\/p>\n\n\n\n<h3 class=\"wp-block-heading\">Encuentre informaci\u00f3n confiable<\/h3>\n\n\n\n<p><strong>Conocimiento accesible:<\/strong>&nbsp;Nuestros expertos son entusiastas de la tecnolog\u00eda que aportan sus conocimientos de una manera que todos puedan entender. Con ellos, obtendr\u00e1s un conocimiento profundo de los dispositivos que realmente pueden transformar tu hogar.<\/p>\n\n\n\n<p><strong>Selecci\u00f3n de productos a medida:<\/strong>&nbsp;Ante la sobreabundancia de opciones de gadgets que hay en el mercado, seleccionamos solo aquellos que destacan por su calidad y eficiencia, para que puedas tener acceso a los mejores sin tener que filtrar entre cientos de opciones.<\/p>\n\n\n\n<p><strong>Comentarios sinceros para decisiones conscientes:<\/strong>&nbsp;Creemos que una opini\u00f3n honesta vale su peso en oro. Por ello, fomentamos una comunidad donde los usuarios comparten sus experiencias reales con los productos, ofreci\u00e9ndote informaci\u00f3n valiosa para tomar las mejores decisiones.<\/p>\n\n\n\n<h3 class=\"wp-block-heading\">Tu Espacio de Tecnolog\u00eda e Innovaci\u00f3n<\/h3>\n\n\n\n<p>Local Criativo fue creado para garantizar que tengas la mejor experiencia posible mientras exploras las posibilidades de una vida m\u00e1s tecnol\u00f3gica y automatizada. Ya sea que quieras optimizar tu rutina, aumentar tu seguridad o simplemente sentirte m\u00e1s c\u00f3modo, estamos aqu\u00ed para servirte como tu gu\u00eda de confianza.<\/p>\n\n\n\n<h3 class=\"wp-block-heading\">Avanza con nosotros<\/h3>\n\n\n\n<p>La comunidad Local Criativo es un espacio en constante crecimiento y tu participaci\u00f3n es vital para nuestro desarrollo continuo. Navegue por nuestro sitio web y utilice la informaci\u00f3n para transformar su hogar. Te animamos a participar activamente, compartiendo tus propias experiencias y contribuyendo a construir conocimiento colectivo sobre hogares m\u00e1s inteligentes.<\/p>\n\n\n\n<p><strong>Con tan solo unos clics en Local Criativo, tienes acceso a un mundo de posibilidades para hacer que tu hogar sea tan avanzado como tus sue\u00f1os. \u00a1Entra y s\u00e9 parte de esta evoluci\u00f3n en el confort del hogar!<\/strong><\/p>","protected":false},"excerpt":{"rendered":"<p>\u00a1Bienvenido! En Local Criativo, descubre c\u00f3mo convertir tu hogar en una extensi\u00f3n de tu visi\u00f3n del futuro: inteligente, conectado y adaptado a tu estilo de vida. Nuestra plataforma est\u00e1 dise\u00f1ada para que encuentres f\u00e1cilmente las mejores opciones de tecnolog\u00eda para el hogar sin la complejidad que suele conllevar. Un lugar creado con [\u2026]<\/p>","protected":false},"author":1,"featured_media":0,"parent":0,"menu_order":0,"comment_status":"closed","ping_status":"closed","template":"","meta":{"_acf_changed":false,"footnotes":""},"class_list":["post-140","page","type-page","status-publish","hentry"],"blocksy_meta":[],"acf":[],"_links":{"self":[{"href":"https:\/\/localcriativo.com\/es\/wp-json\/wp\/v2\/pages\/140","targetHints":{"allow":["GET"]}}],"collection":[{"href":"https:\/\/localcriativo.com\/es\/wp-json\/wp\/v2\/pages"}],"about":[{"href":"https:\/\/localcriativo.com\/es\/wp-json\/wp\/v2\/types\/page"}],"author":[{"embeddable":true,"href":"https:\/\/localcriativo.com\/es\/wp-json\/wp\/v2\/users\/1"}],"replies":[{"embeddable":true,"href":"https:\/\/localcriativo.com\/es\/wp-json\/wp\/v2\/comments?post=140"}],"version-history":[{"count":0,"href":"https:\/\/localcriativo.com\/es\/wp-json\/wp\/v2\/pages\/140\/revisions"}],"wp:attachment":[{"href":"https:\/\/localcriativo.com\/es\/wp-json\/wp\/v2\/media?parent=140"}],"curies":[{"name":"wp","href":"https:\/\/api.w.org\/{rel}","templated":true}]}}