{"id":146,"date":"2023-09-21T21:22:01","date_gmt":"2023-09-21T21:22:01","guid":{"rendered":"https:\/\/localcriativo.com\/?page_id=146"},"modified":"2023-09-21T21:22:01","modified_gmt":"2023-09-21T21:22:01","slug":"termos-e-condicoes","status":"publish","type":"page","link":"https:\/\/localcriativo.com\/es\/terminos-y-condiciones\/","title":{"rendered":"T\u00e9rminos y Condiciones"},"content":{"rendered":"<h2><span style=\"color: #444444;\">1. T\u00e9rminos<\/span><\/h2>\n<p><span style=\"color: #444444;\">Al acceder al sitio web <a href=\"https:\/\/localcriativo.com\/es\/\">Lugar creativo<\/a>, usted acepta cumplir con estos t\u00e9rminos de servicio, todas las leyes y regulaciones aplicables, y acepta que es responsable del cumplimiento de las leyes locales aplicables. Si no est\u00e1 de acuerdo con alguno de estos t\u00e9rminos, tiene prohibido usar o acceder a este sitio. Los materiales contenidos en este sitio est\u00e1n protegidos por las leyes de derechos de autor y marcas comerciales aplicables.<\/span><\/p>\n<h2><span style=\"color: #444444;\">2. Uso de licencia<\/span><\/h2>\n<p><span style=\"color: #444444;\">Se otorga permiso para descargar temporalmente una copia de los materiales (informaci\u00f3n o software) en el sitio web de Local Criativo para visualizaci\u00f3n transitoria personal y no comercial \u00fanicamente. Esta es la concesi\u00f3n de una licencia, no una transferencia de t\u00edtulo, y bajo esta licencia usted no puede:\u00a0<\/span><\/p>\n<ol>\n<li><span style=\"color: #444444;\">modificar o copiar los materiales;\u00a0<\/span><\/li>\n<li><span style=\"color: #444444;\">utilizar los materiales para cualquier fin comercial o para exhibici\u00f3n p\u00fablica (comercial o no comercial);\u00a0<\/span><\/li>\n<li><span style=\"color: #444444;\">intentar descompilar o aplicar ingenier\u00eda inversa a cualquier software contenido en el sitio web de Local Criativo;\u00a0<\/span><\/li>\n<li><span style=\"color: #444444;\">eliminar cualquier copyright u otras anotaciones de propiedad de los materiales; o\u00a0<\/span><\/li>\n<li><span style=\"color: #444444;\">transferir los materiales a otra persona o &quot;reflejar&quot; los materiales en cualquier otro servidor.<\/span><\/li>\n<\/ol>\n<p><span style=\"color: #444444;\">Esta licencia terminar\u00e1 autom\u00e1ticamente si usted viola cualquiera de estas restricciones y Local Criativo podr\u00e1 cancelarla en cualquier momento. Al finalizar la visualizaci\u00f3n de estos materiales o al finalizar esta licencia, debe eliminar cualquier material descargado que tenga en su poder, ya sea en formato electr\u00f3nico o impreso.<\/span><\/p>\n<h2><span style=\"color: #444444;\">3. Descargo de responsabilidad<\/span><\/h2>\n<ol>\n<li><span style=\"color: #444444;\">Los materiales en el sitio web de Local Criativo se proporcionan &quot;tal cual&quot;. Local Criativo no ofrece garant\u00edas, expresas o impl\u00edcitas, y por la presente renuncia y niega todas las dem\u00e1s garant\u00edas, incluidas, entre otras, garant\u00edas impl\u00edcitas o condiciones de comerciabilidad, idoneidad para un prop\u00f3sito particular o no infracci\u00f3n de propiedad intelectual u otra violaci\u00f3n de derechos.<\/span><\/li>\n<li><span style=\"color: #444444;\">Adem\u00e1s, Local Criativo no garantiza ni hace ninguna declaraci\u00f3n con respecto a la exactitud, los resultados probables o la confiabilidad del uso de los materiales en su sitio web o de otro modo en relaci\u00f3n con dichos materiales o en cualquier sitio vinculado a este sitio.<\/span><\/li>\n<\/ol>\n<h2><span style=\"color: #444444;\">4. Limitaciones<\/span><\/h2>\n<p><span style=\"color: #444444;\">En ning\u00fan caso Local Criativo o sus proveedores ser\u00e1n responsables de los da\u00f1os (incluidos, entre otros, da\u00f1os por p\u00e9rdida de datos o ganancias, o debido a la interrupci\u00f3n del negocio) que surjan del uso o la imposibilidad de usar los materiales en Local Criativo, incluso si Local Criativo o un representante autorizado de Local Criativo ha sido notificado oralmente o por escrito de la posibilidad de tales da\u00f1os. Debido a que algunas jurisdicciones no permiten limitaciones a las garant\u00edas impl\u00edcitas o limitaciones de responsabilidad por da\u00f1os consecuentes o incidentales, es posible que estas limitaciones no se apliquen a usted.<\/span><\/p>\n<h2><span style=\"color: #444444;\">5. Precisi\u00f3n de materiales<\/span><\/h2>\n<p><span style=\"color: #444444;\">Los materiales que aparecen en el sitio web de Local Criativo podr\u00edan incluir errores t\u00e9cnicos, tipogr\u00e1ficos o fotogr\u00e1ficos. Local Criativo no garantiza que ning\u00fan material en su sitio web sea exacto, completo o actual. Local Criativo puede realizar cambios en los materiales contenidos en su sitio web en cualquier momento sin previo aviso. Sin embargo Local Criativo no asume ning\u00fan compromiso de actualizaci\u00f3n de los materiales.<\/span><\/p>\n<h2><span style=\"color: #444444;\">6. Enlaces<\/span><\/h2>\n<p><span style=\"color: #444444;\">Local Criativo no ha revisado todos los sitios vinculados a su sitio web y no es responsable del contenido de ning\u00fan sitio vinculado. La inclusi\u00f3n de cualquier v\u00ednculo no implica aprobaci\u00f3n del sitio por parte de Local Criativo. El uso de cualquier sitio vinculado es bajo el propio riesgo del usuario.<\/span><\/p>\n<h3><span style=\"color: #444444;\">Modificaciones<\/span><\/h3>\n<p><span style=\"color: #444444;\">Local Criativo puede revisar estos t\u00e9rminos de servicio de su sitio web en cualquier momento sin previo aviso. Al utilizar este sitio web, usted acepta estar sujeto a la versi\u00f3n actual de estos t\u00e9rminos de servicio.<\/span><\/p>\n<h3><span style=\"color: #444444;\">Ley aplicable<\/span><\/h3>\n<p><span style=\"color: #444444;\">Estos t\u00e9rminos y condiciones se rigen e interpretan de acuerdo con las leyes de Local Criativo y usted se somete irrevocablemente a la jurisdicci\u00f3n exclusiva de los tribunales de ese estado o localidade.<\/span><\/p>","protected":false},"excerpt":{"rendered":"<p>1. T\u00e9rminos Al acceder al sitio web de Local Criativo, usted acepta estar sujeto a estos t\u00e9rminos de servicio, todas las leyes y regulaciones aplicables, y acepta que es responsable del cumplimiento de las leyes locales aplicables. Si no est\u00e1 de acuerdo con alguno de estos t\u00e9rminos, tiene prohibido usar o acceder a este sitio. Los materiales contenidos en este sitio web [\u2026]<\/p>","protected":false},"author":1,"featured_media":0,"parent":0,"menu_order":0,"comment_status":"closed","ping_status":"closed","template":"","meta":{"_acf_changed":false,"footnotes":""},"class_list":["post-146","page","type-page","status-publish","hentry"],"blocksy_meta":[],"acf":[],"_links":{"self":[{"href":"https:\/\/localcriativo.com\/es\/wp-json\/wp\/v2\/pages\/146","targetHints":{"allow":["GET"]}}],"collection":[{"href":"https:\/\/localcriativo.com\/es\/wp-json\/wp\/v2\/pages"}],"about":[{"href":"https:\/\/localcriativo.com\/es\/wp-json\/wp\/v2\/types\/page"}],"author":[{"embeddable":true,"href":"https:\/\/localcriativo.com\/es\/wp-json\/wp\/v2\/users\/1"}],"replies":[{"embeddable":true,"href":"https:\/\/localcriativo.com\/es\/wp-json\/wp\/v2\/comments?post=146"}],"version-history":[{"count":0,"href":"https:\/\/localcriativo.com\/es\/wp-json\/wp\/v2\/pages\/146\/revisions"}],"wp:attachment":[{"href":"https:\/\/localcriativo.com\/es\/wp-json\/wp\/v2\/media?parent=146"}],"curies":[{"name":"wp","href":"https:\/\/api.w.org\/{rel}","templated":true}]}}