{"id":153,"date":"2023-09-21T21:24:48","date_gmt":"2023-09-21T21:24:48","guid":{"rendered":"https:\/\/localcriativo.com\/?page_id=153"},"modified":"2025-08-28T09:14:33","modified_gmt":"2025-08-28T12:14:33","slug":"contato","status":"publish","type":"page","link":"https:\/\/localcriativo.com\/es\/contacto\/","title":{"rendered":"Contacto"},"content":{"rendered":"<p>Estaremos encantados de escuchar sus preguntas, sugerencias o propuestas de colaboraci\u00f3n. Complete el siguiente formulario y nos comunicaremos con usted lo antes posible. Valoramos los comentarios de nuestros visitantes para seguir mejorando Local Criativo y ofreciendo el mejor contenido.<\/p>\n\n\n\n<p>Si lo prefieres, tambi\u00e9n puedes enviarnos un correo electr\u00f3nico directamente a <strong><a rel=\"noopener\">contacto@localcriativo.com<\/a><\/strong>. \u00a1Estamos disponibles para hablar y colaborar contigo!<\/p>\n\n\n<style id=\"wpforms-css-vars-1849-block-b921beda-bbe7-470a-ab4a-994ccce80afa\">\n\t\t\t\t#wpforms-1849.wpforms-block-b921beda-bbe7-470a-ab4a-994ccce80afa {\n\t\t\t\t--wpforms-field-size-input-height: 43px;\n--wpforms-field-size-input-spacing: 15px;\n--wpforms-field-size-font-size: 16px;\n--wpforms-field-size-line-height: 19px;\n--wpforms-field-size-padding-h: 14px;\n--wpforms-field-size-checkbox-size: 16px;\n--wpforms-field-size-sublabel-spacing: 5px;\n--wpforms-field-size-icon-size: 1;\n--wpforms-label-size-font-size: 16px;\n--wpforms-label-size-line-height: 19px;\n--wpforms-label-size-sublabel-font-size: 14px;\n--wpforms-label-size-sublabel-line-height: 17px;\n--wpforms-button-size-font-size: 17px;\n--wpforms-button-size-height: 41px;\n--wpforms-button-size-padding-h: 15px;\n--wpforms-button-size-margin-top: 10px;\n\t\t\t}\n\t\t\t<\/style><div class=\"wpforms-container wpforms-container-full wpforms-block wpforms-block-b921beda-bbe7-470a-ab4a-994ccce80afa wpforms-render-modern\" id=\"wpforms-1849\"><form id=\"wpforms-form-1849\" class=\"wpforms-validate wpforms-form wpforms-ajax-form\" data-formid=\"1849\" method=\"post\" enctype=\"multipart\/form-data\" action=\"\/es\/wp-json\/wp\/v2\/pages\/153\" data-token=\"8ef4d417cff71d9c5d4325c8e69029ab\" data-token-time=\"1775821865\" data-trp-original-action=\"\/es\/wp-json\/wp\/v2\/pages\/153\"><noscript class=\"wpforms-error-noscript\">Por favor, activa JavaScript en tu navegador para completar este formulario.<\/noscript><div id=\"wpforms-error-noscript\" style=\"display: none;\">Por favor, activa JavaScript en tu navegador para completar este formulario.<\/div><div class=\"wpforms-field-container\"><div id=\"wpforms-1849-field_1-container\" class=\"wpforms-field wpforms-field-name\" data-field-id=\"1\"><fieldset><legend class=\"wpforms-field-label\">Nombre <span class=\"wpforms-required-label\" aria-hidden=\"true\">*<\/span><\/legend><div class=\"wpforms-field-row wpforms-field-medium\"><div class=\"wpforms-field-row-block wpforms-first wpforms-one-half\"><input type=\"text\" id=\"wpforms-1849-field_1\" class=\"wpforms-field-name-first wpforms-field-required\" name=\"wpforms[fields][1][first]\" aria-errormessage=\"wpforms-1849-field_1-error\" required><label for=\"wpforms-1849-field_1\" class=\"wpforms-field-sublabel after\">Nombre<\/label><\/div><div class=\"wpforms-field-row-block wpforms-one-half\"><input type=\"text\" id=\"wpforms-1849-field_1-last\" class=\"wpforms-field-name-last wpforms-field-required\" name=\"wpforms[fields][1][last]\" aria-errormessage=\"wpforms-1849-field_1-last-error\" required><label for=\"wpforms-1849-field_1-last\" class=\"wpforms-field-sublabel after\">Apellidos<\/label><\/div><\/div><\/fieldset><\/div>\t\t<div id=\"wpforms-1849-field_4-container\"\n\t\t\tclass=\"wpforms-field wpforms-field-text\"\n\t\t\tdata-field-type=\"text\"\n\t\t\tdata-field-id=\"4\"\n\t\t\t>\n\t\t\t<label class=\"wpforms-field-label\" for=\"wpforms-1849-field_4\" >Nome Coment\u00e1rio E-mail<\/label>\n\t\t\t<input type=\"text\" id=\"wpforms-1849-field_4\" class=\"wpforms-field-medium\" name=\"wpforms[fields][4]\" >\n\t\t<\/div>\n\t\t<div id=\"wpforms-1849-field_2-container\" class=\"wpforms-field wpforms-field-email\" data-field-id=\"2\"><label class=\"wpforms-field-label\" for=\"wpforms-1849-field_2\">E-mail <span class=\"wpforms-required-label\" aria-hidden=\"true\">*<\/span><\/label><input type=\"email\" id=\"wpforms-1849-field_2\" class=\"wpforms-field-medium wpforms-field-required\" name=\"wpforms[fields][2]\" spellcheck=\"false\" aria-errormessage=\"wpforms-1849-field_2-error\" required><\/div><div id=\"wpforms-1849-field_3-container\" class=\"wpforms-field wpforms-field-textarea\" data-field-id=\"3\"><label class=\"wpforms-field-label\" for=\"wpforms-1849-field_3\">Coment\u00e1rio ou Mensagem<\/label><textarea id=\"wpforms-1849-field_3\" class=\"wpforms-field-medium\" name=\"wpforms[fields][3]\" aria-errormessage=\"wpforms-1849-field_3-error\" ><\/textarea><\/div><script>\n\t\t\t\t( function() {\n\t\t\t\t\tconst style = document.createElement( 'style' );\n\t\t\t\t\tstyle.appendChild( document.createTextNode( '#wpforms-1849-field_4-container { position: absolute !important; overflow: hidden !important; display: inline !important; height: 1px !important; width: 1px !important; z-index: -1000 !important; padding: 0 !important; } #wpforms-1849-field_4-container input { visibility: hidden; } #wpforms-conversational-form-page #wpforms-1849-field_4-container label { counter-increment: none; }' ) );\n\t\t\t\t\tdocument.head.appendChild( style );\n\t\t\t\t\tdocument.currentScript?.remove();\n\t\t\t\t} )();\n\t\t\t<\/script><\/div><!-- .wpforms-field-container --><div class=\"wpforms-submit-container\" ><input type=\"hidden\" name=\"wpforms[id]\" value=\"1849\"><input type=\"hidden\" name=\"page_title\" value=\"\"><input type=\"hidden\" name=\"page_url\" value=\"https:\/\/localcriativo.com\/es\/wp-json\/wp\/v2\/pages\/153\"><input type=\"hidden\" name=\"url_referer\" value=\"\"><button type=\"submit\" name=\"wpforms[submit]\" id=\"wpforms-submit-1849\" class=\"wpforms-submit\" data-alt-text=\"Enviando\u2026\" data-submit-text=\"Enviar\" aria-live=\"assertive\" value=\"wpforms-submit\">Mandar<\/button><img decoding=\"async\" src=\"https:\/\/localcriativo.com\/wp-content\/plugins\/wpforms-lite\/assets\/images\/submit-spin.svg\" class=\"wpforms-submit-spinner\" style=\"display: none;\" width=\"26\" height=\"26\" alt=\"Cargando\"><\/div><input type=\"hidden\" name=\"trp-form-language\" value=\"es\"\/><\/form><\/div>  <!-- .wpforms-container -->","protected":false},"excerpt":{"rendered":"<p>Nos encantar\u00eda escuchar sus preguntas, sugerencias o propuestas de colaboraci\u00f3n. Complete el formulario a continuaci\u00f3n y nos pondremos en contacto con usted lo antes posible. Valoramos los comentarios de nuestros visitantes para seguir mejorando Local Criativo y ofrecer el mejor contenido. Si lo prefiere, tambi\u00e9n puede enviarnos un correo electr\u00f3nico directamente a contato@localcriativo.com. Estamos disponibles [\u2026]<\/p>","protected":false},"author":1,"featured_media":0,"parent":0,"menu_order":0,"comment_status":"closed","ping_status":"closed","template":"","meta":{"_acf_changed":false,"footnotes":""},"class_list":["post-153","page","type-page","status-publish","hentry"],"blocksy_meta":[],"acf":[],"_links":{"self":[{"href":"https:\/\/localcriativo.com\/es\/wp-json\/wp\/v2\/pages\/153","targetHints":{"allow":["GET"]}}],"collection":[{"href":"https:\/\/localcriativo.com\/es\/wp-json\/wp\/v2\/pages"}],"about":[{"href":"https:\/\/localcriativo.com\/es\/wp-json\/wp\/v2\/types\/page"}],"author":[{"embeddable":true,"href":"https:\/\/localcriativo.com\/es\/wp-json\/wp\/v2\/users\/1"}],"replies":[{"embeddable":true,"href":"https:\/\/localcriativo.com\/es\/wp-json\/wp\/v2\/comments?post=153"}],"version-history":[{"count":1,"href":"https:\/\/localcriativo.com\/es\/wp-json\/wp\/v2\/pages\/153\/revisions"}],"predecessor-version":[{"id":1852,"href":"https:\/\/localcriativo.com\/es\/wp-json\/wp\/v2\/pages\/153\/revisions\/1852"}],"wp:attachment":[{"href":"https:\/\/localcriativo.com\/es\/wp-json\/wp\/v2\/media?parent=153"}],"curies":[{"name":"wp","href":"https:\/\/api.w.org\/{rel}","templated":true}]}}